{"id":314,"date":"2008-11-28T18:10:40","date_gmt":"2008-11-28T18:10:40","guid":{"rendered":"http:\/\/nagl.wordpress.com\/about-3\/"},"modified":"2008-11-28T18:10:40","modified_gmt":"2008-11-28T18:10:40","slug":"about-3","status":"publish","type":"page","link":"http:\/\/nagl.hnd.at\/?page_id=314","title":{"rendered":"\u00dcber We4U\/UG"},"content":{"rendered":"<p>Betriebsratsliste We4U\/UG, Unabh\u00e4ngige Gewerkschafterinnen<\/p>\n<p>\u00dcber diesen <a href=\"http:\/\/www.ug-oegb.at\/\">Link<\/a> gehts zu den Unabh\u00e4ngigen GewerkschafterInnen im \u00d6GB.<\/p>\n","protected":false},"excerpt":{"rendered":"<p>Betriebsratsliste We4U\/UG, Unabh\u00e4ngige Gewerkschafterinnen \u00dcber diesen Link gehts zu den Unabh\u00e4ngigen GewerkschafterInnen im \u00d6GB.<\/p>\n","protected":false},"author":0,"featured_media":0,"parent":0,"menu_order":0,"comment_status":"open","ping_status":"open","template":"","meta":{"footnotes":""},"class_list":["post-314","page","type-page","status-publish","hentry"],"_links":{"self":[{"href":"http:\/\/nagl.hnd.at\/index.php?rest_route=\/wp\/v2\/pages\/314","targetHints":{"allow":["GET"]}}],"collection":[{"href":"http:\/\/nagl.hnd.at\/index.php?rest_route=\/wp\/v2\/pages"}],"about":[{"href":"http:\/\/nagl.hnd.at\/index.php?rest_route=\/wp\/v2\/types\/page"}],"replies":[{"embeddable":true,"href":"http:\/\/nagl.hnd.at\/index.php?rest_route=%2Fwp%2Fv2%2Fcomments&post=314"}],"version-history":[{"count":0,"href":"http:\/\/nagl.hnd.at\/index.php?rest_route=\/wp\/v2\/pages\/314\/revisions"}],"wp:attachment":[{"href":"http:\/\/nagl.hnd.at\/index.php?rest_route=%2Fwp%2Fv2%2Fmedia&parent=314"}],"curies":[{"name":"wp","href":"https:\/\/api.w.org\/{rel}","templated":true}]}}